{"id":1346,"date":"2025-05-19T15:27:46","date_gmt":"2025-05-19T15:27:46","guid":{"rendered":"https:\/\/www.ustunpetshop.com\/?post_type=product&#038;p=1346"},"modified":"2025-06-11T09:10:15","modified_gmt":"2025-06-11T09:10:15","slug":"royal-canin-sterilised-37-kisirlastirilmis-tavuklu-kedi-mamasi-paketten-bolme-1-kg","status":"publish","type":"product","link":"https:\/\/www.ustunpetshop.com\/index.php\/urun\/royal-canin-sterilised-37-kisirlastirilmis-tavuklu-kedi-mamasi-paketten-bolme-1-kg\/","title":{"rendered":"Royal Canin Sterilised 37 K\u0131s\u0131rla\u015ft\u0131r\u0131lm\u0131\u015f Tavuklu Kedi Mamas\u0131 Paketten B\u00f6lme 1 Kg"},"content":{"rendered":"<p><strong>Royal Canin Sterilised 37 K\u0131s\u0131rla\u015ft\u0131r\u0131lm\u0131\u015f Tavuklu \u00a0Kedi Mamas\u0131 Paketten B\u00f6lme 1 Kg<\/strong><br \/>\nRoyal Canin Sterilised K\u0131s\u0131rla\u015ft\u0131r\u0131lm\u0131\u015f Kedi Mamas\u0131<br \/>\n\u00dcr\u00fcn Kodu: Aryc001<\/p>\n<div>\n<p><strong>Royal Canin Sterilised K\u0131s\u0131rla\u015ft\u0131r\u0131lm\u0131\u015f Kedi Mamas\u0131,<\/strong>\u00a01 ya\u015f\u0131n\u0131 alm\u0131\u015f k\u0131s\u0131rla\u015ft\u0131r\u0131lm\u0131\u015f kediler i\u00e7in ideal kedi mamas\u0131d\u0131r. Her \u0131rktan yeti\u015fkin kedi i\u00e7in uygun form\u00fcle edilmi\u015ftir. Mama taneleri kedinizin sindirimini kolayla\u015ft\u0131racak \u015fekilde \u00f6zel tasarlanm\u0131\u015ft\u0131r.<strong>Royal Canin Sterilised 37 K\u0131s\u0131rla\u015ft\u0131r\u0131lm\u0131\u015f Kedi Mamas\u0131<\/strong>, K\u0131s\u0131rla\u015ft\u0131r\u0131lma operasyonundan sonra kediler kilo almaya daha m\u00fcsait bir hale gelir. Bunun bilincinde \u00fcretilen Royal Canin Sterilised kilo kontrol\u00fc i\u00e7in ideal bir mamad\u0131r.<\/p>\n<p>Sa\u011fl\u0131kl\u0131 beslenme i\u00e7in\u00a0<strong>Royal Canin Kedi Mamalar\u0131<\/strong>.<\/p>\n<p><strong>Royal Canin Sterilised,<\/strong>\u00a0Kedilerde idrar yolu sa\u011fl\u0131\u011f\u0131n\u0131 koruyacak \u015fekilde ek vitamin ve katk\u0131 maddeleri i\u00e7ermektedir.<\/p>\n<p><strong>Mama i\u00e7eri\u011fi;<br \/>\n<\/strong>* \u00a0Kurutulmu\u015f k\u00fcmes hayvan\u0131 proteini, m\u0131s\u0131r, bitkisel proteinizolat\u0131*, bitkisel lifler, hayvansal ya\u011flar, hidrolize hayvansal proteinler, pirin\u00e7, bu\u011fday, pancar k\u00fcspesi, m\u0131s\u0131r gluteni, mayalar ve ilgili k\u0131s\u0131mlar, mineraller, bal\u0131k ya\u011f\u0131, frukto-oligosakkaridler, soya ya\u011f\u0131.<\/p>\n<p><strong>Katk\u0131 Maddeleri;<br \/>\n<\/strong>*<strong>\u00a0<\/strong>A Vitamini: 19000 IU, Vitamin D3: 1000 IU, E1 (Demir): 31 mg, E2 (\u0130yot): 3,1 mg, E4 (Bak\u0131r): 10 mg, E5 (Manganez): 41 mg, E6 (\u00c7inko): 122 mg, E8 (Selenyum): 0,05 mg- L-karnitin: 100 mg &#8211; Teknolojik katk\u0131 maddeleri: Tortul kaynakl\u0131 klinoptilolit: 10 gr &#8211; Zooteknik katk\u0131 maddeleri: Amonyum klor\u00fcr: 5 gr &#8211; Koruyucular &#8211; Antioksidanlar.<\/p>\n<p><strong>Katk\u0131 Maddeleri;<br \/>\n<\/strong>* Protein: 37% &#8211; Ya\u011f : 12% &#8211; Ham k\u00fcl: 8.2% &#8211; Ham lif: 6.2%.<\/p>\n<\/div>\n","protected":false},"excerpt":{"rendered":"<p>Royal Canin Sterilised 37 K\u0131s\u0131rla\u015ft\u0131r\u0131lm\u0131\u015f Tavuklu \u00a0Kedi Mamas\u0131 Paketten B\u00f6lme 1 Kg Royal Canin Sterilised K\u0131s\u0131rla\u015ft\u0131r\u0131lm\u0131\u015f Kedi Mamas\u0131 \u00dcr\u00fcn Kodu:<\/p>\n","protected":false},"featured_media":1352,"comment_status":"open","ping_status":"closed","template":"","meta":[],"product_brand":[184],"product_cat":[83,78],"product_tag":[],"class_list":{"0":"post-1346","1":"product","2":"type-product","3":"status-publish","4":"has-post-thumbnail","6":"product_brand-royal-canin","7":"product_cat-acik-kedi-mamalari","8":"product_cat-vegetables-fruits","10":"first","11":"instock","12":"sale","13":"shipping-taxable","14":"purchasable","15":"product-type-simple"},"_links":{"self":[{"href":"https:\/\/www.ustunpetshop.com\/index.php\/wp-json\/wp\/v2\/product\/1346","targetHints":{"allow":["GET"]}}],"collection":[{"href":"https:\/\/www.ustunpetshop.com\/index.php\/wp-json\/wp\/v2\/product"}],"about":[{"href":"https:\/\/www.ustunpetshop.com\/index.php\/wp-json\/wp\/v2\/types\/product"}],"replies":[{"embeddable":true,"href":"https:\/\/www.ustunpetshop.com\/index.php\/wp-json\/wp\/v2\/comments?post=1346"}],"version-history":[{"count":3,"href":"https:\/\/www.ustunpetshop.com\/index.php\/wp-json\/wp\/v2\/product\/1346\/revisions"}],"predecessor-version":[{"id":1487,"href":"https:\/\/www.ustunpetshop.com\/index.php\/wp-json\/wp\/v2\/product\/1346\/revisions\/1487"}],"wp:featuredmedia":[{"embeddable":true,"href":"https:\/\/www.ustunpetshop.com\/index.php\/wp-json\/wp\/v2\/media\/1352"}],"wp:attachment":[{"href":"https:\/\/www.ustunpetshop.com\/index.php\/wp-json\/wp\/v2\/media?parent=1346"}],"wp:term":[{"taxonomy":"product_brand","embeddable":true,"href":"https:\/\/www.ustunpetshop.com\/index.php\/wp-json\/wp\/v2\/product_brand?post=1346"},{"taxonomy":"product_cat","embeddable":true,"href":"https:\/\/www.ustunpetshop.com\/index.php\/wp-json\/wp\/v2\/product_cat?post=1346"},{"taxonomy":"product_tag","embeddable":true,"href":"https:\/\/www.ustunpetshop.com\/index.php\/wp-json\/wp\/v2\/product_tag?post=1346"}],"curies":[{"name":"wp","href":"https:\/\/api.w.org\/{rel}","templated":true}]}}