{"id":1952,"date":"2025-06-30T13:41:57","date_gmt":"2025-06-30T13:41:57","guid":{"rendered":"https:\/\/www.ustunpetshop.com\/?post_type=product&#038;p=1952"},"modified":"2025-06-30T13:41:58","modified_gmt":"2025-06-30T13:41:58","slug":"nutri-canin-kuzulu-ve-patatesli-tahilsiz-kopek-konservesi-400gr","status":"publish","type":"product","link":"https:\/\/www.ustunpetshop.com\/index.php\/urun\/nutri-canin-kuzulu-ve-patatesli-tahilsiz-kopek-konservesi-400gr\/","title":{"rendered":"Nutri Canin Kuzulu ve Patatesli Tah\u0131ls\u0131z K\u00f6pek Konservesi 400gr"},"content":{"rendered":"<p class=\"mt-3 mb-2 fw-semibold\">Nutri Canin Kuzulu ve Patatesli Tah\u0131ls\u0131z K\u00f6pek Konservesi 400gr<\/p>\n<p><strong>\u0130\u00e7erik<\/strong><\/p>\n<ul>\n<li>%65 Kuzu Eti<\/li>\n<li>%26 Kuzu Eti Sosu<\/li>\n<li>%8 Tatl\u0131 Patates<\/li>\n<li>Mineraller<\/li>\n<\/ul>\n<p><strong>Analiz Raporu<\/strong><\/p>\n<ul>\n<li>Protein %10,4<\/li>\n<li>Ya\u011f %6,6<\/li>\n<li>Ham K\u00fcl %2,3<\/li>\n<li>Ham Lif %0,5<\/li>\n<li>Nem %75<\/li>\n<\/ul>\n<p><strong>Besin Katk\u0131 Maddeleri<\/strong><\/p>\n<ul>\n<li>Vitamin D3 200 I.e.<\/li>\n<li>Vitamin E All-Rac-Alpha-Tocopherol 30 Mg<\/li>\n<li>\u00c7inko S\u00fclfat Monohidrat Olarak \u00c7inko 15 Mg<\/li>\n<li>Manganez I\u0131 S\u00fclfat Olarak Manganez<\/li>\n<li>Monohidrat 3 Mg<\/li>\n<li>Kalsiyum \u0130yodat Olarak \u0130yot Susuz 0,75 Mg<\/li>\n<\/ul>\n<p>Konserve mamay\u0131 oda s\u0131cakl\u0131\u011f\u0131nda verin. K\u00f6pe\u011fin aktivitesine ve d\u0131\u015f mekan ko\u015fullar\u0131na g\u00f6re \u00f6\u011f\u00fcn miktar\u0131 de\u011fi\u015febilir.<\/p>\n","protected":false},"excerpt":{"rendered":"<p>Barkod:\u00a0<span class=\"fw-semibold\">8699310420121<\/span><\/p>\n","protected":false},"featured_media":1953,"comment_status":"open","ping_status":"closed","template":"","meta":[],"product_brand":[289],"product_cat":[90,88,288],"product_tag":[292,170,291,290,150],"class_list":{"0":"post-1952","1":"product","2":"type-product","3":"status-publish","4":"has-post-thumbnail","6":"product_brand-nutri-canin","7":"product_cat-kopek-konserve","8":"product_cat-vegan-meat","9":"product_cat-nutri-kopek-konserveleri","10":"product_tag-400-gr","11":"product_tag-grain-free","12":"product_tag-kopek-konservesi","13":"product_tag-nutri","14":"product_tag-tahilsiz","16":"first","17":"instock","18":"sale","19":"shipping-taxable","20":"purchasable","21":"product-type-simple"},"_links":{"self":[{"href":"https:\/\/www.ustunpetshop.com\/index.php\/wp-json\/wp\/v2\/product\/1952","targetHints":{"allow":["GET"]}}],"collection":[{"href":"https:\/\/www.ustunpetshop.com\/index.php\/wp-json\/wp\/v2\/product"}],"about":[{"href":"https:\/\/www.ustunpetshop.com\/index.php\/wp-json\/wp\/v2\/types\/product"}],"replies":[{"embeddable":true,"href":"https:\/\/www.ustunpetshop.com\/index.php\/wp-json\/wp\/v2\/comments?post=1952"}],"version-history":[{"count":1,"href":"https:\/\/www.ustunpetshop.com\/index.php\/wp-json\/wp\/v2\/product\/1952\/revisions"}],"predecessor-version":[{"id":1954,"href":"https:\/\/www.ustunpetshop.com\/index.php\/wp-json\/wp\/v2\/product\/1952\/revisions\/1954"}],"wp:featuredmedia":[{"embeddable":true,"href":"https:\/\/www.ustunpetshop.com\/index.php\/wp-json\/wp\/v2\/media\/1953"}],"wp:attachment":[{"href":"https:\/\/www.ustunpetshop.com\/index.php\/wp-json\/wp\/v2\/media?parent=1952"}],"wp:term":[{"taxonomy":"product_brand","embeddable":true,"href":"https:\/\/www.ustunpetshop.com\/index.php\/wp-json\/wp\/v2\/product_brand?post=1952"},{"taxonomy":"product_cat","embeddable":true,"href":"https:\/\/www.ustunpetshop.com\/index.php\/wp-json\/wp\/v2\/product_cat?post=1952"},{"taxonomy":"product_tag","embeddable":true,"href":"https:\/\/www.ustunpetshop.com\/index.php\/wp-json\/wp\/v2\/product_tag?post=1952"}],"curies":[{"name":"wp","href":"https:\/\/api.w.org\/{rel}","templated":true}]}}