{"id":2168,"date":"2025-06-30T15:37:48","date_gmt":"2025-06-30T15:37:48","guid":{"rendered":"https:\/\/www.ustunpetshop.com\/?post_type=product&#038;p=2168"},"modified":"2025-07-01T10:45:30","modified_gmt":"2025-07-01T10:45:30","slug":"reflex-biftekli-kopek-odul-cubugu-11-gr-3-adet","status":"publish","type":"product","link":"https:\/\/www.ustunpetshop.com\/index.php\/urun\/reflex-biftekli-kopek-odul-cubugu-11-gr-3-adet\/","title":{"rendered":"Reflex Biftekli K\u00f6pek \u00d6d\u00fcl \u00c7ubu\u011fu 11 Gr 3 Adet"},"content":{"rendered":"<h3 class=\"\" data-start=\"237\" data-end=\"259\">\ud83d\udccb \u00dcr\u00fcn A\u00e7\u0131klamas\u0131<\/h3>\n<p class=\"\" data-start=\"260\" data-end=\"417\"><span class=\"relative -mx-px my-[-0.2rem] rounded px-px py-[0.2rem] transition-colors duration-100 ease-in-out\"><strong data-start=\"0\" data-end=\"37\" data-is-only-node=\"\">Reflex Biftekli K\u00f6pek \u00d6d\u00fcl \u00c7ubu\u011fu<\/strong>, k\u00f6pe\u011finizin damak zevkine hitap eden, yumu\u015fak dokulu ve lezzetli bir at\u0131\u015ft\u0131rmal\u0131kt\u0131r.<\/span> <span class=\"relative -mx-px my-[-0.2rem] rounded px-px py-[0.2rem] transition-colors duration-100 ease-in-out\">Biftek aromas\u0131 sayesinde hem e\u011flenceli hem de besleyici bir \u00f6d\u00fcl sunar.<\/span> <span class=\"relative -mx-px my-[-0.2rem] rounded px-px py-[0.2rem] transition-colors duration-100 ease-in-out\">Yumu\u015fak yap\u0131s\u0131 sayesinde kolayca \u00e7i\u011fnenebilir ve sindirimi kolayd\u0131r.<\/span>\u200b<\/p>\n<p class=\"\" data-start=\"419\" data-end=\"582\"><span class=\"relative -mx-px my-[-0.2rem] rounded px-px py-[0.2rem] transition-colors duration-100 ease-in-out\">3 x 11 graml\u0131k pratik ambalaj\u0131 sayesinde ta\u015f\u0131mas\u0131 ve sunumu kolayd\u0131r.<\/span> <span class=\"relative -mx-px my-[-0.2rem] rounded px-px py-[0.2rem] transition-colors duration-100 ease-in-out\">E\u011fitim s\u00fcre\u00e7lerinde motivasyon arac\u0131 olarak veya g\u00fcn i\u00e7inde \u00f6d\u00fcl olarak kullan\u0131labilir.<\/span> <span class=\"relative -mx-px my-[-0.2rem] rounded px-px py-[0.2rem] transition-colors duration-100 ease-in-out\">K\u00f6pe\u011finizin g\u00fcnl\u00fck beslenme rutinine lezzetli bir katk\u0131 sa\u011flar.<\/span>\u200b<\/p>\n<hr class=\"\" data-start=\"584\" data-end=\"587\" \/>\n<h3 class=\"\" data-start=\"589\" data-end=\"611\">\u2705 \u00dcr\u00fcn \u00d6zellikleri<\/h3>\n<ul data-start=\"612\" data-end=\"1179\">\n<li class=\"\" data-start=\"612\" data-end=\"665\">\n<p class=\"\" data-start=\"614\" data-end=\"665\"><strong data-start=\"614\" data-end=\"624\">\u0130\u00e7erik<\/strong>: <span class=\"relative -mx-px my-[-0.2rem] rounded px-px py-[0.2rem] transition-colors duration-100 ease-in-out\">Et ve hayvansal t\u00fcrevler (%6 dana), mineraller<\/span><\/p>\n<\/li>\n<li class=\"\" data-start=\"666\" data-end=\"909\">\n<p class=\"\" data-start=\"668\" data-end=\"689\"><strong data-start=\"668\" data-end=\"688\">Analiz De\u011ferleri<\/strong>:<\/p>\n<ul data-start=\"692\" data-end=\"909\">\n<li class=\"\" data-start=\"692\" data-end=\"733\">\n<p class=\"\" data-start=\"694\" data-end=\"733\"><span class=\"relative -mx-px my-[-0.2rem] rounded px-px py-[0.2rem] transition-colors duration-100 ease-in-out\">Ham Protein: %33,5<\/span><\/p>\n<\/li>\n<li class=\"\" data-start=\"736\" data-end=\"777\">\n<p class=\"\" data-start=\"738\" data-end=\"777\"><span class=\"relative -mx-px my-[-0.2rem] rounded px-px py-[0.2rem] transition-colors duration-100 ease-in-out\">Ham Ya\u011f: %20<\/span><\/p>\n<\/li>\n<li class=\"\" data-start=\"780\" data-end=\"821\">\n<p class=\"\" data-start=\"782\" data-end=\"821\"><span class=\"relative -mx-px my-[-0.2rem] rounded px-px py-[0.2rem] transition-colors duration-100 ease-in-out\">Ham Lif: %2<\/span><\/p>\n<\/li>\n<li class=\"\" data-start=\"824\" data-end=\"865\">\n<p class=\"\" data-start=\"826\" data-end=\"865\"><span class=\"relative -mx-px my-[-0.2rem] rounded px-px py-[0.2rem] transition-colors duration-100 ease-in-out\">Ham K\u00fcl: %10<\/span><\/p>\n<\/li>\n<li class=\"\" data-start=\"868\" data-end=\"909\">\n<p class=\"\" data-start=\"870\" data-end=\"909\"><span class=\"relative -mx-px my-[-0.2rem] rounded px-px py-[0.2rem] transition-colors duration-100 ease-in-out\">Nem: %28<\/span><\/p>\n<\/li>\n<\/ul>\n<\/li>\n<li class=\"\" data-start=\"910\" data-end=\"964\">\n<p class=\"\" data-start=\"912\" data-end=\"964\"><strong data-start=\"912\" data-end=\"923\">A\u011f\u0131rl\u0131k<\/strong>: <span class=\"relative -mx-px my-[-0.2rem] rounded px-px py-[0.2rem] transition-colors duration-100 ease-in-out\">3 x 11 gr<\/span><\/p>\n<\/li>\n<li class=\"\" data-start=\"965\" data-end=\"1021\">\n<p class=\"\" data-start=\"967\" data-end=\"1021\"><strong data-start=\"967\" data-end=\"980\">Faydalar\u0131<\/strong>: <span class=\"relative -mx-px my-[-0.2rem] rounded px-px py-[0.2rem] transition-colors duration-100 ease-in-out\">Lezzetli \u00f6d\u00fcl, sindirimi kolay, e\u011fitim deste\u011fi<\/span><\/p>\n<\/li>\n<li class=\"\" data-start=\"1022\" data-end=\"1077\">\n<p class=\"\" data-start=\"1024\" data-end=\"1077\"><strong data-start=\"1024\" data-end=\"1036\">Uygunluk<\/strong>: <span class=\"relative -mx-px my-[-0.2rem] rounded px-px py-[0.2rem] transition-colors duration-100 ease-in-out\">T\u00fcm k\u00f6pek \u0131rklar\u0131 i\u00e7in uygundur<\/span><\/p>\n<\/li>\n<li class=\"\" data-start=\"1078\" data-end=\"1179\">\n<p class=\"\" data-start=\"1080\" data-end=\"1179\"><strong data-start=\"1080\" data-end=\"1092\">Kullan\u0131m<\/strong>: <span class=\"relative -mx-px my-[-0.2rem] rounded px-px py-[0.2rem] transition-colors duration-100 ease-in-out\">G\u00fcnl\u00fck \u00f6d\u00fcl veya e\u011fitim s\u0131ras\u0131nda<\/span>\u200b<\/p>\n<\/li>\n<\/ul>\n<hr class=\"\" data-start=\"1181\" data-end=\"1184\" \/>\n<h3 class=\"\" data-start=\"1186\" data-end=\"1208\">\ud83c\udff7\ufe0f<\/h3>\n<p class=\"\" data-start=\"1209\" data-end=\"1294\"><span class=\"relative -mx-px my-[-0.2rem] rounded px-px py-[0.2rem] transition-colors duration-100 ease-in-out\"><code data-start=\"0\" data-end=\"23\" data-is-only-node=\"\">Reflex Biftekli Stick<\/code>, <code data-start=\"25\" data-end=\"44\">k\u00f6pek \u00f6d\u00fcl \u00e7ubu\u011fu<\/code>, <code data-start=\"46\" data-end=\"82\">biftek aromal\u0131 k\u00f6pek at\u0131\u015ft\u0131rmal\u0131\u011f\u0131<\/code>, <code data-start=\"84\" data-end=\"107\">3 x 11 gr k\u00f6pek \u00f6d\u00fcl\u00fc<\/code>, <code data-start=\"109\" data-end=\"134\">e\u011fitim i\u00e7in k\u00f6pek \u00f6d\u00fcl\u00fc<\/code>, <code data-start=\"136\" data-end=\"158\">lezzetli k\u00f6pek \u00f6d\u00fcl\u00fc<\/code>, <code data-start=\"160\" data-end=\"196\">sindirim dostu k\u00f6pek at\u0131\u015ft\u0131rmal\u0131\u011f\u0131<\/code>, <code data-start=\"198\" data-end=\"224\" data-is-last-node=\"\">Reflex k\u00f6pek \u00f6d\u00fcl mamas\u0131<\/code><\/span>\u200b<\/p>\n","protected":false},"excerpt":{"rendered":"<h3 class=\"\" data-start=\"128\" data-end=\"148\">\ud83d\udc36 K\u0131sa A\u00e7\u0131klama<\/h3>\n<p class=\"\" data-start=\"149\" data-end=\"230\"><span class=\"relative -mx-px my-[-0.2rem] rounded px-px py-[0.2rem] transition-colors duration-100 ease-in-out\">Biftek aromal\u0131, yumu\u015fak ve lezzetli k\u00f6pek \u00f6d\u00fcl \u00e7ubu\u011fu. Reflex Biftekli Stick, e\u011fitim ve g\u00fcnl\u00fck kullan\u0131m i\u00e7in ideal bir tamamlay\u0131c\u0131 at\u0131\u015ft\u0131rmal\u0131kt\u0131r. 3 x 11 gr.<\/span><\/p>\n<p data-start=\"149\" data-end=\"230\">Barkod: 8698995033916<\/p>\n","protected":false},"featured_media":2102,"comment_status":"open","ping_status":"closed","template":"","meta":[],"product_brand":[322],"product_cat":[88,92],"product_tag":[143,177,160,161,163,313],"class_list":{"0":"post-2168","1":"product","2":"type-product","3":"status-publish","4":"has-post-thumbnail","6":"product_brand-reflex","7":"product_cat-vegan-meat","8":"product_cat-odul-mamasi","9":"product_tag-adult","10":"product_tag-dana-etli","11":"product_tag-kopek","12":"product_tag-kopek-odul-mamasi","13":"product_tag-odul-mamasi","14":"product_tag-reflex","16":"first","17":"instock","18":"sale","19":"shipping-taxable","20":"purchasable","21":"product-type-simple"},"_links":{"self":[{"href":"https:\/\/www.ustunpetshop.com\/index.php\/wp-json\/wp\/v2\/product\/2168","targetHints":{"allow":["GET"]}}],"collection":[{"href":"https:\/\/www.ustunpetshop.com\/index.php\/wp-json\/wp\/v2\/product"}],"about":[{"href":"https:\/\/www.ustunpetshop.com\/index.php\/wp-json\/wp\/v2\/types\/product"}],"replies":[{"embeddable":true,"href":"https:\/\/www.ustunpetshop.com\/index.php\/wp-json\/wp\/v2\/comments?post=2168"}],"version-history":[{"count":1,"href":"https:\/\/www.ustunpetshop.com\/index.php\/wp-json\/wp\/v2\/product\/2168\/revisions"}],"predecessor-version":[{"id":2198,"href":"https:\/\/www.ustunpetshop.com\/index.php\/wp-json\/wp\/v2\/product\/2168\/revisions\/2198"}],"wp:featuredmedia":[{"embeddable":true,"href":"https:\/\/www.ustunpetshop.com\/index.php\/wp-json\/wp\/v2\/media\/2102"}],"wp:attachment":[{"href":"https:\/\/www.ustunpetshop.com\/index.php\/wp-json\/wp\/v2\/media?parent=2168"}],"wp:term":[{"taxonomy":"product_brand","embeddable":true,"href":"https:\/\/www.ustunpetshop.com\/index.php\/wp-json\/wp\/v2\/product_brand?post=2168"},{"taxonomy":"product_cat","embeddable":true,"href":"https:\/\/www.ustunpetshop.com\/index.php\/wp-json\/wp\/v2\/product_cat?post=2168"},{"taxonomy":"product_tag","embeddable":true,"href":"https:\/\/www.ustunpetshop.com\/index.php\/wp-json\/wp\/v2\/product_tag?post=2168"}],"curies":[{"name":"wp","href":"https:\/\/api.w.org\/{rel}","templated":true}]}}