{"id":2170,"date":"2025-06-30T15:37:48","date_gmt":"2025-06-30T15:37:48","guid":{"rendered":"https:\/\/www.ustunpetshop.com\/?post_type=product&#038;p=2170"},"modified":"2025-07-01T10:46:57","modified_gmt":"2025-07-01T10:46:57","slug":"reflex-somonlu-kopek-odul-cubugu-11-gr-3-adet","status":"publish","type":"product","link":"https:\/\/www.ustunpetshop.com\/index.php\/urun\/reflex-somonlu-kopek-odul-cubugu-11-gr-3-adet\/","title":{"rendered":"Reflex Somonlu K\u00f6pek \u00d6d\u00fcl \u00c7ubu\u011fu 11 Gr 3 Adet"},"content":{"rendered":"<h3 class=\"\" data-start=\"239\" data-end=\"263\">\ud83d\udccb \u00dcr\u00fcn A\u00e7\u0131klamas\u0131<\/h3>\n<p class=\"\" data-start=\"264\" data-end=\"421\"><span class=\"relative -mx-px my-[-0.2rem] rounded px-px py-[0.2rem] transition-colors duration-100 ease-in-out\"><strong data-start=\"0\" data-end=\"36\" data-is-only-node=\"\">Reflex Somonlu K\u00f6pek \u00d6d\u00fcl \u00c7ubu\u011fu<\/strong>, k\u00f6pe\u011finizin damak zevkine hitap eden, yumu\u015fak dokulu ve lezzetli bir at\u0131\u015ft\u0131rmal\u0131kt\u0131r.<\/span> <span class=\"relative -mx-px my-[-0.2rem] rounded px-px py-[0.2rem] transition-colors duration-100 ease-in-out\">Somon i\u00e7eri\u011fi sayesinde hem e\u011flenceli hem de besleyici bir \u00f6d\u00fcl sunar.<\/span> <span class=\"relative -mx-px my-[-0.2rem] rounded px-px py-[0.2rem] transition-colors duration-100 ease-in-out\">Yumu\u015fak yap\u0131s\u0131 sayesinde kolayca \u00e7i\u011fnenebilir ve sindirimi kolayd\u0131r.<\/span>\u200b<\/p>\n<p class=\"\" data-start=\"423\" data-end=\"586\"><span class=\"relative -mx-px my-[-0.2rem] rounded px-px py-[0.2rem] transition-colors duration-100 ease-in-out\">3 x 11 graml\u0131k pratik ambalaj\u0131 sayesinde ta\u015f\u0131mas\u0131 ve sunumu kolayd\u0131r.<\/span> <span class=\"relative -mx-px my-[-0.2rem] rounded px-px py-[0.2rem] transition-colors duration-100 ease-in-out\">E\u011fitim s\u00fcre\u00e7lerinde motivasyon arac\u0131 olarak veya g\u00fcn i\u00e7inde \u00f6d\u00fcl olarak kullan\u0131labilir.<\/span> <span class=\"relative -mx-px my-[-0.2rem] rounded px-px py-[0.2rem] transition-colors duration-100 ease-in-out\">K\u00f6pe\u011finizin g\u00fcnl\u00fck beslenme rutinine lezzetli bir katk\u0131 sa\u011flar.<\/span>\u200b<\/p>\n<hr class=\"\" data-start=\"588\" data-end=\"591\" \/>\n<h3 class=\"\" data-start=\"593\" data-end=\"617\">\u2705 \u00dcr\u00fcn \u00d6zellikleri<\/h3>\n<ul data-start=\"618\" data-end=\"1302\">\n<li class=\"\" data-start=\"618\" data-end=\"671\">\n<p class=\"\" data-start=\"620\" data-end=\"671\"><strong data-start=\"620\" data-end=\"630\">\u0130\u00e7erik<\/strong>: <span class=\"relative -mx-px my-[-0.2rem] rounded px-px py-[0.2rem] transition-colors duration-100 ease-in-out\">Et ve hayvansal t\u00fcrevler, bal\u0131k ve bal\u0131k t\u00fcrevleri (%6 somon), mineraller, glukozamin (%0,115), s\u00fct ve s\u00fct t\u00fcrevleri<\/span><\/p>\n<\/li>\n<li class=\"\" data-start=\"672\" data-end=\"871\">\n<p class=\"\" data-start=\"674\" data-end=\"695\"><strong data-start=\"674\" data-end=\"694\">Analiz De\u011ferleri<\/strong>:<\/p>\n<ul data-start=\"698\" data-end=\"871\">\n<li class=\"\" data-start=\"698\" data-end=\"739\">\n<p class=\"\" data-start=\"700\" data-end=\"739\"><span class=\"relative -mx-px my-[-0.2rem] rounded px-px py-[0.2rem] transition-colors duration-100 ease-in-out\">Ham Protein: %12,0<\/span><\/p>\n<\/li>\n<li class=\"\" data-start=\"742\" data-end=\"783\">\n<p class=\"\" data-start=\"744\" data-end=\"783\"><span class=\"relative -mx-px my-[-0.2rem] rounded px-px py-[0.2rem] transition-colors duration-100 ease-in-out\">Ham Ya\u011f: %23,0<\/span><\/p>\n<\/li>\n<li class=\"\" data-start=\"786\" data-end=\"827\">\n<p class=\"\" data-start=\"788\" data-end=\"827\"><span class=\"relative -mx-px my-[-0.2rem] rounded px-px py-[0.2rem] transition-colors duration-100 ease-in-out\">Ham K\u00fcl: %4,0<\/span><\/p>\n<\/li>\n<li class=\"\" data-start=\"830\" data-end=\"871\">\n<p class=\"\" data-start=\"832\" data-end=\"871\"><span class=\"relative -mx-px my-[-0.2rem] rounded px-px py-[0.2rem] transition-colors duration-100 ease-in-out\">Ham Lif: %1,0<\/span><\/p>\n<\/li>\n<\/ul>\n<\/li>\n<li class=\"\" data-start=\"872\" data-end=\"1032\">\n<p class=\"\" data-start=\"874\" data-end=\"900\"><strong data-start=\"874\" data-end=\"899\">Besin Katk\u0131 Maddeleri<\/strong>:<\/p>\n<ul data-start=\"903\" data-end=\"1032\">\n<li class=\"\" data-start=\"903\" data-end=\"944\">\n<p class=\"\" data-start=\"905\" data-end=\"944\"><span class=\"relative -mx-px my-[-0.2rem] rounded px-px py-[0.2rem] transition-colors duration-100 ease-in-out\">Vitamin A: 2000 IU\/kg<\/span><\/p>\n<\/li>\n<li class=\"\" data-start=\"947\" data-end=\"988\">\n<p class=\"\" data-start=\"949\" data-end=\"988\"><span class=\"relative -mx-px my-[-0.2rem] rounded px-px py-[0.2rem] transition-colors duration-100 ease-in-out\">Vitamin D3: 300 IU\/kg<\/span><\/p>\n<\/li>\n<li class=\"\" data-start=\"991\" data-end=\"1032\">\n<p class=\"\" data-start=\"993\" data-end=\"1032\"><span class=\"relative -mx-px my-[-0.2rem] rounded px-px py-[0.2rem] transition-colors duration-100 ease-in-out\">Vitamin E: 113 mg\/kg<\/span><\/p>\n<\/li>\n<\/ul>\n<\/li>\n<li class=\"\" data-start=\"1033\" data-end=\"1087\">\n<p class=\"\" data-start=\"1035\" data-end=\"1087\"><strong data-start=\"1035\" data-end=\"1046\">A\u011f\u0131rl\u0131k<\/strong>: <span class=\"relative -mx-px my-[-0.2rem] rounded px-px py-[0.2rem] transition-colors duration-100 ease-in-out\">3 x 11 gr<\/span><\/p>\n<\/li>\n<li class=\"\" data-start=\"1088\" data-end=\"1144\">\n<p class=\"\" data-start=\"1090\" data-end=\"1144\"><strong data-start=\"1090\" data-end=\"1103\">Faydalar\u0131<\/strong>: <span class=\"relative -mx-px my-[-0.2rem] rounded px-px py-[0.2rem] transition-colors duration-100 ease-in-out\">Lezzetli \u00f6d\u00fcl, sindirimi kolay, e\u011fitim deste\u011fi<\/span><\/p>\n<\/li>\n<li class=\"\" data-start=\"1145\" data-end=\"1200\">\n<p class=\"\" data-start=\"1147\" data-end=\"1200\"><strong data-start=\"1147\" data-end=\"1159\">Uygunluk<\/strong>: <span class=\"relative -mx-px my-[-0.2rem] rounded px-px py-[0.2rem] transition-colors duration-100 ease-in-out\">T\u00fcm k\u00f6pek \u0131rklar\u0131 i\u00e7in uygundur<\/span><\/p>\n<\/li>\n<li class=\"\" data-start=\"1201\" data-end=\"1302\">\n<p class=\"\" data-start=\"1203\" data-end=\"1302\"><strong data-start=\"1203\" data-end=\"1215\">Kullan\u0131m<\/strong>: <span class=\"relative -mx-px my-[-0.2rem] rounded px-px py-[0.2rem] transition-colors duration-100 ease-in-out\">G\u00fcnl\u00fck \u00f6d\u00fcl veya e\u011fitim s\u0131ras\u0131nda<\/span>\u200b<\/p>\n<\/li>\n<\/ul>\n<hr class=\"\" data-start=\"1304\" data-end=\"1307\" \/>\n<h3 class=\"\" data-start=\"1309\" data-end=\"1333\">\ud83c\udff7\ufe0f<\/h3>\n<p class=\"\" data-start=\"1334\" data-end=\"1419\"><span class=\"relative -mx-px my-[-0.2rem] rounded px-px py-[0.2rem] transition-colors duration-100 ease-in-out\"><code data-start=\"0\" data-end=\"22\" data-is-only-node=\"\">Reflex Somonlu Stick<\/code>, <code data-start=\"24\" data-end=\"43\">k\u00f6pek \u00f6d\u00fcl \u00e7ubu\u011fu<\/code>, <code data-start=\"45\" data-end=\"80\">somon aromal\u0131 k\u00f6pek at\u0131\u015ft\u0131rmal\u0131\u011f\u0131<\/code>, <code data-start=\"82\" data-end=\"105\">3 x 11 gr k\u00f6pek \u00f6d\u00fcl\u00fc<\/code>, <code data-start=\"107\" data-end=\"132\">e\u011fitim i\u00e7in k\u00f6pek \u00f6d\u00fcl\u00fc<\/code>, <code data-start=\"134\" data-end=\"156\">lezzetli k\u00f6pek \u00f6d\u00fcl\u00fc<\/code>, <code data-start=\"158\" data-end=\"194\">sindirim dostu k\u00f6pek at\u0131\u015ft\u0131rmal\u0131\u011f\u0131<\/code>, <code data-start=\"196\" data-end=\"222\" data-is-last-node=\"\">Reflex k\u00f6pek \u00f6d\u00fcl mamas\u0131<\/code><\/span>\u200b<\/p>\n","protected":false},"excerpt":{"rendered":"<h3 class=\"\" data-start=\"128\" data-end=\"150\">\ud83d\udc36 K\u0131sa A\u00e7\u0131klama<\/h3>\n<p class=\"\" data-start=\"151\" data-end=\"232\"><span class=\"relative -mx-px my-[-0.2rem] rounded px-px py-[0.2rem] transition-colors duration-100 ease-in-out\">Somon aromal\u0131, yumu\u015fak dokulu ve lezzetli k\u00f6pek \u00f6d\u00fcl \u00e7ubu\u011fu. Reflex Somonlu Stick, e\u011fitim ve g\u00fcnl\u00fck kullan\u0131m i\u00e7in ideal bir tamamlay\u0131c\u0131 at\u0131\u015ft\u0131rmal\u0131kt\u0131r. 3 x 11 gr.<\/span>\u200b<\/p>\n<p data-start=\"151\" data-end=\"232\">Barkod : 8698995033886<\/p>\n<p data-start=\"151\" data-end=\"232\">\n","protected":false},"featured_media":2069,"comment_status":"open","ping_status":"closed","template":"","meta":[],"product_brand":[322],"product_cat":[88,92],"product_tag":[143,160,161,163,313],"class_list":{"0":"post-2170","1":"product","2":"type-product","3":"status-publish","4":"has-post-thumbnail","6":"product_brand-reflex","7":"product_cat-vegan-meat","8":"product_cat-odul-mamasi","9":"product_tag-adult","10":"product_tag-kopek","11":"product_tag-kopek-odul-mamasi","12":"product_tag-odul-mamasi","13":"product_tag-reflex","15":"first","16":"instock","17":"sale","18":"shipping-taxable","19":"purchasable","20":"product-type-simple"},"_links":{"self":[{"href":"https:\/\/www.ustunpetshop.com\/index.php\/wp-json\/wp\/v2\/product\/2170","targetHints":{"allow":["GET"]}}],"collection":[{"href":"https:\/\/www.ustunpetshop.com\/index.php\/wp-json\/wp\/v2\/product"}],"about":[{"href":"https:\/\/www.ustunpetshop.com\/index.php\/wp-json\/wp\/v2\/types\/product"}],"replies":[{"embeddable":true,"href":"https:\/\/www.ustunpetshop.com\/index.php\/wp-json\/wp\/v2\/comments?post=2170"}],"version-history":[{"count":1,"href":"https:\/\/www.ustunpetshop.com\/index.php\/wp-json\/wp\/v2\/product\/2170\/revisions"}],"predecessor-version":[{"id":2200,"href":"https:\/\/www.ustunpetshop.com\/index.php\/wp-json\/wp\/v2\/product\/2170\/revisions\/2200"}],"wp:featuredmedia":[{"embeddable":true,"href":"https:\/\/www.ustunpetshop.com\/index.php\/wp-json\/wp\/v2\/media\/2069"}],"wp:attachment":[{"href":"https:\/\/www.ustunpetshop.com\/index.php\/wp-json\/wp\/v2\/media?parent=2170"}],"wp:term":[{"taxonomy":"product_brand","embeddable":true,"href":"https:\/\/www.ustunpetshop.com\/index.php\/wp-json\/wp\/v2\/product_brand?post=2170"},{"taxonomy":"product_cat","embeddable":true,"href":"https:\/\/www.ustunpetshop.com\/index.php\/wp-json\/wp\/v2\/product_cat?post=2170"},{"taxonomy":"product_tag","embeddable":true,"href":"https:\/\/www.ustunpetshop.com\/index.php\/wp-json\/wp\/v2\/product_tag?post=2170"}],"curies":[{"name":"wp","href":"https:\/\/api.w.org\/{rel}","templated":true}]}}