{"id":2239,"date":"2025-07-02T13:46:07","date_gmt":"2025-07-02T13:46:07","guid":{"rendered":"https:\/\/www.ustunpetshop.com\/?post_type=product&#038;p=2239"},"modified":"2025-07-02T13:46:08","modified_gmt":"2025-07-02T13:46:08","slug":"royal-canin-kitten-yavru-kedi-mamasi-peketten-bolunmus-1-kg","status":"publish","type":"product","link":"https:\/\/www.ustunpetshop.com\/index.php\/urun\/royal-canin-kitten-yavru-kedi-mamasi-peketten-bolunmus-1-kg\/","title":{"rendered":"Royal Canin Kitten Yavru Kedi Mamas\u0131 Peketten B\u00f6l\u00fcnm\u00fc\u015f 1 Kg"},"content":{"rendered":"<h3 data-start=\"351\" data-end=\"385\">\ud83d\udc3e Ayr\u0131nt\u0131l\u0131 \u00dcr\u00fcn A\u00e7\u0131klamas\u0131<\/h3>\n<p data-start=\"386\" data-end=\"640\">Royal\u202fCanin Kitten, b\u00fcy\u00fcme d\u00f6nemindeki kediler i\u00e7in ihtiya\u00e7 duyulan enerji, protein, vitamin ve mineral dengesini sa\u011flar. Y\u00fcksek kaliteli hayvansal protein i\u00e7eri\u011fiyle geli\u015fen kas yap\u0131s\u0131n\u0131 desteklerken, optimal ya\u011f oran\u0131 enerjik ve sa\u011fl\u0131kl\u0131 b\u00fcy\u00fcme sa\u011flar.<\/p>\n<p data-start=\"642\" data-end=\"961\">Sindirim sistemini korumak i\u00e7in prebiyotik ve sindirilebilir lif i\u00e7eri\u011fi bulunur. Hindiba lifi (inulin) kullan\u0131larak ba\u011f\u0131rsak floras\u0131 dengelenir, ishal riskine kar\u015f\u0131 destek sa\u011flan\u0131r. Ayr\u0131ca \u00f6zel antioksidan kompleksi; C ve E vitaminleri, lutein ve taurin gibi bile\u015fenlerle yavrunun ba\u011f\u0131\u015f\u0131kl\u0131k sistemi g\u00fc\u00e7lendirilmi\u015ftir.<\/p>\n<p data-start=\"963\" data-end=\"1119\">Mineral profili ise kemik ve di\u015f geli\u015fimi i\u00e7in ideal d\u00fczeyde d\u00fczenlenmi\u015ftir. \u00d6zellikle sa\u011fl\u0131kl\u0131 idrar yolu geli\u015fimi i\u00e7in do\u011fru kalsiyum\u2011fosfor oran\u0131 i\u00e7erir.<\/p>\n<hr data-start=\"1121\" data-end=\"1124\" \/>\n<h3 data-start=\"1126\" data-end=\"1181\">\ud83d\udcca Analitik Besin De\u011ferleri (ortalama kuru madde)<\/h3>\n<ul data-start=\"1182\" data-end=\"1509\">\n<li data-start=\"1182\" data-end=\"1202\">\n<p data-start=\"1184\" data-end=\"1202\"><strong data-start=\"1184\" data-end=\"1196\">Protein:<\/strong> %38<\/p>\n<\/li>\n<li data-start=\"1203\" data-end=\"1219\">\n<p data-start=\"1205\" data-end=\"1219\"><strong data-start=\"1205\" data-end=\"1213\">Ya\u011f:<\/strong> %22<\/p>\n<\/li>\n<li data-start=\"1220\" data-end=\"1241\">\n<p data-start=\"1222\" data-end=\"1241\"><strong data-start=\"1222\" data-end=\"1234\">Ham Lif:<\/strong> %2,8<\/p>\n<\/li>\n<li data-start=\"1242\" data-end=\"1264\">\n<p data-start=\"1244\" data-end=\"1264\"><strong data-start=\"1244\" data-end=\"1256\">Ham K\u00fcl:<\/strong> ~%7,5<\/p>\n<\/li>\n<li data-start=\"1265\" data-end=\"1294\">\n<p data-start=\"1267\" data-end=\"1294\"><strong data-start=\"1267\" data-end=\"1278\">Enerji:<\/strong> ~4100\u202fkcal\/kg<\/p>\n<\/li>\n<li data-start=\"1295\" data-end=\"1339\">\n<p data-start=\"1297\" data-end=\"1339\"><strong data-start=\"1297\" data-end=\"1315\">Prebiyotikler:<\/strong> Hindiba lifi (inulin)<\/p>\n<\/li>\n<li data-start=\"1340\" data-end=\"1409\">\n<p data-start=\"1342\" data-end=\"1409\"><strong data-start=\"1342\" data-end=\"1368\">Antioksidan kompleksi:<\/strong> C vitamini, E vitamini, lutein, taurin<\/p>\n<\/li>\n<li data-start=\"1410\" data-end=\"1509\">\n<p data-start=\"1412\" data-end=\"1509\"><strong data-start=\"1412\" data-end=\"1439\">Mineral dengenin \u00f6nemi:<\/strong> Kemik, di\u015f ve idrar yolu sa\u011fl\u0131\u011f\u0131 i\u00e7in dengeli kalsiyum\u2011fosfor oran\u0131<\/p>\n<\/li>\n<\/ul>\n<hr data-start=\"1511\" data-end=\"1514\" \/>\n<h3 data-start=\"1516\" data-end=\"1546\">\ud83c\udff7\ufe0f Kullan\u0131m Avantajlar\u0131<\/h3>\n<ul data-start=\"1547\" data-end=\"1827\">\n<li data-start=\"1547\" data-end=\"1600\">\n<p data-start=\"1549\" data-end=\"1600\">Y\u00fcksek b\u00fcy\u00fcme d\u00f6nemine uygun enerji\u2011protein oran\u0131<\/p>\n<\/li>\n<li data-start=\"1601\" data-end=\"1660\">\n<p data-start=\"1603\" data-end=\"1660\">Ba\u011f\u0131rsak floras\u0131 i\u00e7in prebiyotik, sindirim dostu form\u00fcl<\/p>\n<\/li>\n<li data-start=\"1661\" data-end=\"1712\">\n<p data-start=\"1663\" data-end=\"1712\">Antioksidan deste\u011fiyle g\u00fc\u00e7l\u00fc ba\u011f\u0131\u015f\u0131kl\u0131k sistemi<\/p>\n<\/li>\n<li data-start=\"1713\" data-end=\"1758\">\n<p data-start=\"1715\" data-end=\"1758\">Sa\u011fl\u0131kl\u0131 kemik, di\u015f ve idrar yolu deste\u011fi<\/p>\n<\/li>\n<li data-start=\"1759\" data-end=\"1827\">\n<p data-start=\"1761\" data-end=\"1827\">1\u202fkg\u2019l\u0131k b\u00f6l\u00fcnm\u00fc\u015f paket; kullan\u0131m kolayl\u0131\u011f\u0131 ve tazelik garantisi<\/p>\n<\/li>\n<\/ul>\n","protected":false},"excerpt":{"rendered":"<p data-start=\"28\" data-end=\"344\">Royal\u202fCanin Kitten Yavru Kedi Mamas\u0131, 4\u201312 ayl\u0131k yavru kediler i\u00e7in \u00f6zel olarak geli\u015ftirilmi\u015f, b\u00fcy\u00fcmeyi destekleyici y\u00fcksek proteinli kuru mama. Ba\u011f\u0131\u015f\u0131kl\u0131k sistemi, sindirim sa\u011fl\u0131\u011f\u0131 ve optimal kilo art\u0131\u015f\u0131 i\u00e7in dengeli form\u00fclle sunulur. 1\u202fkg\u2019l\u0131k paketten b\u00f6l\u00fcnm\u00fc\u015f yap\u0131s\u0131yla tazeli\u011fini korur ve pratik kullan\u0131m sa\u011flar.<\/p>\n","protected":false},"featured_media":2240,"comment_status":"open","ping_status":"closed","template":"","meta":[],"product_brand":[184],"product_cat":[83,78],"product_tag":[138,147,140,328],"class_list":{"0":"post-2239","1":"product","2":"type-product","3":"status-publish","4":"has-post-thumbnail","6":"product_brand-royal-canin","7":"product_cat-acik-kedi-mamalari","8":"product_cat-vegetables-fruits","9":"product_tag-acik-kedi-mamasi","10":"product_tag-kitten","11":"product_tag-royal-canin","12":"product_tag-yevru-kedi-mamasi","14":"first","15":"instock","16":"sale","17":"shipping-taxable","18":"purchasable","19":"product-type-simple"},"_links":{"self":[{"href":"https:\/\/www.ustunpetshop.com\/index.php\/wp-json\/wp\/v2\/product\/2239","targetHints":{"allow":["GET"]}}],"collection":[{"href":"https:\/\/www.ustunpetshop.com\/index.php\/wp-json\/wp\/v2\/product"}],"about":[{"href":"https:\/\/www.ustunpetshop.com\/index.php\/wp-json\/wp\/v2\/types\/product"}],"replies":[{"embeddable":true,"href":"https:\/\/www.ustunpetshop.com\/index.php\/wp-json\/wp\/v2\/comments?post=2239"}],"version-history":[{"count":1,"href":"https:\/\/www.ustunpetshop.com\/index.php\/wp-json\/wp\/v2\/product\/2239\/revisions"}],"predecessor-version":[{"id":2241,"href":"https:\/\/www.ustunpetshop.com\/index.php\/wp-json\/wp\/v2\/product\/2239\/revisions\/2241"}],"wp:featuredmedia":[{"embeddable":true,"href":"https:\/\/www.ustunpetshop.com\/index.php\/wp-json\/wp\/v2\/media\/2240"}],"wp:attachment":[{"href":"https:\/\/www.ustunpetshop.com\/index.php\/wp-json\/wp\/v2\/media?parent=2239"}],"wp:term":[{"taxonomy":"product_brand","embeddable":true,"href":"https:\/\/www.ustunpetshop.com\/index.php\/wp-json\/wp\/v2\/product_brand?post=2239"},{"taxonomy":"product_cat","embeddable":true,"href":"https:\/\/www.ustunpetshop.com\/index.php\/wp-json\/wp\/v2\/product_cat?post=2239"},{"taxonomy":"product_tag","embeddable":true,"href":"https:\/\/www.ustunpetshop.com\/index.php\/wp-json\/wp\/v2\/product_tag?post=2239"}],"curies":[{"name":"wp","href":"https:\/\/api.w.org\/{rel}","templated":true}]}}