{"id":2242,"date":"2025-07-02T13:57:41","date_gmt":"2025-07-02T13:57:41","guid":{"rendered":"https:\/\/www.ustunpetshop.com\/?post_type=product&#038;p=2242"},"modified":"2025-07-02T13:57:41","modified_gmt":"2025-07-02T13:57:41","slug":"royal-canin-sensible-33-kedi-mamasi-paketten-bolme-1-kg","status":"publish","type":"product","link":"https:\/\/www.ustunpetshop.com\/index.php\/urun\/royal-canin-sensible-33-kedi-mamasi-paketten-bolme-1-kg\/","title":{"rendered":"Royal Canin Sensible 33 Kedi Mamas\u0131 Paketten B\u00f6lme 1 Kg"},"content":{"rendered":"<h3 data-start=\"346\" data-end=\"380\">\ud83d\udc3e Ayr\u0131nt\u0131l\u0131 \u00dcr\u00fcn A\u00e7\u0131klamas\u0131<\/h3>\n<p data-start=\"381\" data-end=\"741\">Royal Canin Sensible\u202f33, sindirim hassasiyeti g\u00f6steren yeti\u015fkin kediler i\u00e7in \u00f6zel olarak tasarlanm\u0131\u015ft\u0131r. Orta seviyede ya\u011f (%15) ve y\u00fcksek protein (%33) i\u00e7eri\u011fiyle v\u00fccudun ihtiya\u00e7 duydu\u011fu besinleri dengeli \u015fekilde sa\u011flar. Se\u00e7ilmi\u015f sindirilebilir protein, ba\u011f\u0131rsak floras\u0131n\u0131 destekleyen prebiyotiklerle birlikte \u00e7al\u0131\u015farak yumu\u015fak d\u0131\u015fk\u0131 yap\u0131s\u0131na katk\u0131da bulunur.<\/p>\n<p data-start=\"743\" data-end=\"964\">\u0130\u00e7erdi\u011fi \u00f6nemli omega-3 ve omega-6 ya\u011f asitleri, cilt ve t\u00fcy sa\u011fl\u0131\u011f\u0131na destek olur. Vitamin ve mineral kompleksi ile ba\u011f\u0131\u015f\u0131kl\u0131k sistemi g\u00fc\u00e7lendirilir. Ayr\u0131ca, mama form\u00fclasyonu idrar yolu sa\u011fl\u0131\u011f\u0131na da \u00f6zen g\u00f6stermektedir.<\/p>\n<p data-start=\"966\" data-end=\"1083\">1\u202fkg\u2019l\u0131k b\u00f6l\u00fcnm\u00fc\u015f ambalaj\u0131, her porsiyonda tazelik sa\u011flar, bu sayede maman\u0131n aromas\u0131n\u0131 ve kalitesini uzun s\u00fcre korur.<\/p>\n<hr data-start=\"1085\" data-end=\"1088\" \/>\n<h3 data-start=\"1090\" data-end=\"1123\">\ud83d\udcca Analitik Besin De\u011ferleri<\/h3>\n<ul data-start=\"1124\" data-end=\"1422\">\n<li data-start=\"1124\" data-end=\"1144\">\n<p data-start=\"1126\" data-end=\"1144\"><strong data-start=\"1126\" data-end=\"1138\">Protein:<\/strong> %33<\/p>\n<\/li>\n<li data-start=\"1145\" data-end=\"1161\">\n<p data-start=\"1147\" data-end=\"1161\"><strong data-start=\"1147\" data-end=\"1155\">Ya\u011f:<\/strong> %15<\/p>\n<\/li>\n<li data-start=\"1162\" data-end=\"1184\">\n<p data-start=\"1164\" data-end=\"1184\"><strong data-start=\"1164\" data-end=\"1176\">Ham Lif:<\/strong> ~%2,5<\/p>\n<\/li>\n<li data-start=\"1185\" data-end=\"1205\">\n<p data-start=\"1187\" data-end=\"1205\"><strong data-start=\"1187\" data-end=\"1199\">Ham K\u00fcl:<\/strong> ~%7<\/p>\n<\/li>\n<li data-start=\"1206\" data-end=\"1235\">\n<p data-start=\"1208\" data-end=\"1235\"><strong data-start=\"1208\" data-end=\"1219\">Enerji:<\/strong> ~3800\u202fkcal\/kg<\/p>\n<\/li>\n<li data-start=\"1236\" data-end=\"1287\">\n<p data-start=\"1238\" data-end=\"1287\"><strong data-start=\"1238\" data-end=\"1256\">Prebiyotikler:<\/strong> Ba\u011f\u0131rsak floras\u0131n\u0131 destekler<\/p>\n<\/li>\n<li data-start=\"1288\" data-end=\"1336\">\n<p data-start=\"1290\" data-end=\"1336\"><strong data-start=\"1290\" data-end=\"1306\">Omega\u20113 &amp; 6:<\/strong> Cilt ve t\u00fcy sa\u011fl\u0131\u011f\u0131na katk\u0131<\/p>\n<\/li>\n<li data-start=\"1337\" data-end=\"1422\">\n<p data-start=\"1339\" data-end=\"1422\"><strong data-start=\"1339\" data-end=\"1369\">Mineral &amp; Vitamin Deste\u011fi:<\/strong> Ba\u011f\u0131\u015f\u0131kl\u0131k ve idrar yolu sa\u011fl\u0131\u011f\u0131 i\u00e7in dengeli i\u00e7erik<\/p>\n<\/li>\n<\/ul>\n<hr data-start=\"1424\" data-end=\"1427\" \/>\n<h3 data-start=\"1429\" data-end=\"1459\">\ud83c\udff7\ufe0f Kullan\u0131m Avantajlar\u0131<\/h3>\n<ul data-start=\"1460\" data-end=\"1808\">\n<li data-start=\"1460\" data-end=\"1516\">\n<p data-start=\"1462\" data-end=\"1516\">Hassas sindirim sistemi olan kediler i\u00e7in uygun yap\u0131<\/p>\n<\/li>\n<li data-start=\"1517\" data-end=\"1580\">\n<p data-start=\"1519\" data-end=\"1580\">Orta ya\u011f ve y\u00fcksek protein dengesiyle kas ve enerji deste\u011fi<\/p>\n<\/li>\n<li data-start=\"1581\" data-end=\"1635\">\n<p data-start=\"1583\" data-end=\"1635\">Prebiyotik i\u00e7eri\u011fiyle d\u0131\u015fk\u0131 kalitesini iyile\u015ftirir<\/p>\n<\/li>\n<li data-start=\"1636\" data-end=\"1691\">\n<p data-start=\"1638\" data-end=\"1691\">Omega ya\u011flar\u0131 sayesinde t\u00fcy ve deri sa\u011fl\u0131\u011f\u0131n\u0131 korur<\/p>\n<\/li>\n<li data-start=\"1692\" data-end=\"1752\">\n<p data-start=\"1694\" data-end=\"1752\">Ba\u011f\u0131\u015f\u0131kl\u0131k sistemi ve idrar yolu bak\u0131m\u0131na y\u00f6nelik form\u00fcl<\/p>\n<\/li>\n<li data-start=\"1753\" data-end=\"1808\">\n<p data-start=\"1755\" data-end=\"1808\">B\u00f6l\u00fcnm\u00fc\u015f 1\u202fkg paket ile tazelik ve kullan\u0131m kolayl\u0131\u011f\u0131<\/p>\n<\/li>\n<\/ul>\n","protected":false},"excerpt":{"rendered":"<p data-start=\"28\" data-end=\"339\">Royal Canin Sensible\u202f33, hassas mideli yeti\u015fkin kediler i\u00e7in \u00f6zel form\u00fcle edilmi\u015ftir. Sindirimi kolayla\u015ft\u0131ran se\u00e7ilmi\u015f protein ve prebiyotiklerle destekli mama; sa\u011fl\u0131kl\u0131 t\u00fcy, deri, ba\u011f\u0131\u015f\u0131kl\u0131k ve ideal v\u00fccut a\u011f\u0131rl\u0131\u011f\u0131na yard\u0131mc\u0131 olur. 1\u202fkg\u2019l\u0131k b\u00f6l\u00fcnm\u00fc\u015f paketle, tazeli\u011fi korur ve g\u00fcnl\u00fck kullan\u0131m kolayl\u0131\u011f\u0131 sa\u011flar.<\/p>\n","protected":false},"featured_media":2243,"comment_status":"open","ping_status":"closed","template":"","meta":[],"product_brand":[184],"product_cat":[83,78],"product_tag":[138,329,152,140,264],"class_list":{"0":"post-2242","1":"product","2":"type-product","3":"status-publish","4":"has-post-thumbnail","6":"product_brand-royal-canin","7":"product_cat-acik-kedi-mamalari","8":"product_cat-vegetables-fruits","9":"product_tag-acik-kedi-mamasi","10":"product_tag-hassas-kediler","11":"product_tag-hassas-sindirim","12":"product_tag-royal-canin","13":"product_tag-sensible","15":"first","16":"instock","17":"sale","18":"shipping-taxable","19":"purchasable","20":"product-type-simple"},"_links":{"self":[{"href":"https:\/\/www.ustunpetshop.com\/index.php\/wp-json\/wp\/v2\/product\/2242","targetHints":{"allow":["GET"]}}],"collection":[{"href":"https:\/\/www.ustunpetshop.com\/index.php\/wp-json\/wp\/v2\/product"}],"about":[{"href":"https:\/\/www.ustunpetshop.com\/index.php\/wp-json\/wp\/v2\/types\/product"}],"replies":[{"embeddable":true,"href":"https:\/\/www.ustunpetshop.com\/index.php\/wp-json\/wp\/v2\/comments?post=2242"}],"version-history":[{"count":1,"href":"https:\/\/www.ustunpetshop.com\/index.php\/wp-json\/wp\/v2\/product\/2242\/revisions"}],"predecessor-version":[{"id":2244,"href":"https:\/\/www.ustunpetshop.com\/index.php\/wp-json\/wp\/v2\/product\/2242\/revisions\/2244"}],"wp:featuredmedia":[{"embeddable":true,"href":"https:\/\/www.ustunpetshop.com\/index.php\/wp-json\/wp\/v2\/media\/2243"}],"wp:attachment":[{"href":"https:\/\/www.ustunpetshop.com\/index.php\/wp-json\/wp\/v2\/media?parent=2242"}],"wp:term":[{"taxonomy":"product_brand","embeddable":true,"href":"https:\/\/www.ustunpetshop.com\/index.php\/wp-json\/wp\/v2\/product_brand?post=2242"},{"taxonomy":"product_cat","embeddable":true,"href":"https:\/\/www.ustunpetshop.com\/index.php\/wp-json\/wp\/v2\/product_cat?post=2242"},{"taxonomy":"product_tag","embeddable":true,"href":"https:\/\/www.ustunpetshop.com\/index.php\/wp-json\/wp\/v2\/product_tag?post=2242"}],"curies":[{"name":"wp","href":"https:\/\/api.w.org\/{rel}","templated":true}]}}