{"id":2715,"date":"2025-07-14T11:27:56","date_gmt":"2025-07-14T11:27:56","guid":{"rendered":"https:\/\/www.ustunpetshop.com\/?post_type=product&#038;p=2715"},"modified":"2025-07-14T11:27:56","modified_gmt":"2025-07-14T11:27:56","slug":"wanpy-creamy-treat-ton-balik-ve-karidesli-likit-creamy-kedi-odulu-25li-paket-25-x-14-gr","status":"publish","type":"product","link":"https:\/\/www.ustunpetshop.com\/index.php\/urun\/wanpy-creamy-treat-ton-balik-ve-karidesli-likit-creamy-kedi-odulu-25li-paket-25-x-14-gr\/","title":{"rendered":"Wanpy Creamy Treat Ton Bal\u0131k ve Karidesli Likit Creamy Kedi \u00d6d\u00fcl\u00fc 25Li Paket (25 x 14 Gr)"},"content":{"rendered":"<p data-start=\"366\" data-end=\"510\"><strong data-start=\"366\" data-end=\"388\">\ud83d\udc3e \u00dcr\u00fcn A\u00e7\u0131klamas\u0131<\/strong><br data-start=\"388\" data-end=\"391\" \/>Wanpy Creamy Treat Ton Bal\u0131k ve Karidesli Likit Kedi \u00d6d\u00fcl\u00fc, 1 ya\u015f ve \u00fczeri t\u00fcm kedilere \u00f6zel olarak form\u00fcle edilmi\u015ftir:<\/p>\n<ul data-start=\"512\" data-end=\"963\">\n<li data-start=\"512\" data-end=\"586\">\n<p data-start=\"514\" data-end=\"586\">Ton bal\u0131\u011f\u0131 ve karides proteiniyle zenginle\u015ftirilmi\u015f y\u00fcksek lezzetlilik<\/p>\n<\/li>\n<li data-start=\"587\" data-end=\"671\">\n<p data-start=\"589\" data-end=\"671\">Krem formu sayesinde ya\u015fl\u0131, di\u015f problemi ya\u015fayan ve se\u00e7ici kediler i\u00e7in idealdir<\/p>\n<\/li>\n<li data-start=\"672\" data-end=\"746\">\n<p data-start=\"674\" data-end=\"746\">Y\u00fcksek nem oran\u0131 sayesinde kedinin g\u00fcnl\u00fck s\u0131v\u0131 ihtiyac\u0131na katk\u0131 sa\u011flar<\/p>\n<\/li>\n<li data-start=\"747\" data-end=\"810\">\n<p data-start=\"749\" data-end=\"810\">\u0130lave \u015feker, yapay aroma, renklendirici ve koruyucu i\u00e7ermez<\/p>\n<\/li>\n<li data-start=\"811\" data-end=\"892\">\n<p data-start=\"813\" data-end=\"892\">Tekli paketler sayesinde el ile beslenebilir veya ana mamaya kar\u0131\u015ft\u0131r\u0131labilir<\/p>\n<\/li>\n<li data-start=\"893\" data-end=\"963\">\n<p data-start=\"895\" data-end=\"963\">25 x 14\u202fgr\u2019l\u0131k paket yap\u0131s\u0131 uzun s\u00fcreli ve hijyenik kullan\u0131m sunar<\/p>\n<\/li>\n<\/ul>\n","protected":false},"excerpt":{"rendered":"<p><strong data-start=\"73\" data-end=\"191\">Wanpy Creamy Treat Ton Bal\u0131k ve Karidesli Likit Creamy Kedi \u00d6d\u00fcl\u00fc 25\u2019li Paket (25 x 14\u202fgr) \u2013 Barkod: 6927749871378<\/strong><br data-start=\"191\" data-end=\"194\" \/>Ton bal\u0131\u011f\u0131 ve karides i\u00e7eren s\u0131v\u0131 formda kedi \u00f6d\u00fcl\u00fc. Lezzetli ve katk\u0131s\u0131z yap\u0131s\u0131yla kedilerin severek t\u00fcketece\u011fi sa\u011fl\u0131kl\u0131 bir at\u0131\u015ft\u0131rmal\u0131k sunar, su t\u00fcketimini destekler.<\/p>\n","protected":false},"featured_media":2716,"comment_status":"open","ping_status":"closed","template":"","meta":[],"product_brand":[1089],"product_cat":[1088,78],"product_tag":[1112,1114,1109,1108,1111,1113,1110,1107,1104],"class_list":{"0":"post-2715","1":"product","2":"type-product","3":"status-publish","4":"has-post-thumbnail","6":"product_brand-wanpy","7":"product_cat-kedi-odul-mamalari","8":"product_cat-vegetables-fruits","9":"product_tag-25li-creamy-treat","10":"product_tag-1114","11":"product_tag-creamy-treat-mama","12":"product_tag-karidesli-kedi-odulu","13":"product_tag-katkisiz-kedi-odulu","14":"product_tag-secici-kedi-mama-takviyesi","15":"product_tag-sivi-formda-kedi-atistirmaligi","16":"product_tag-wanpy-ton-balikli-kedi-odulu","17":"product_tag-yasli-kedi-odulu","19":"first","20":"instock","21":"sale","22":"shipping-taxable","23":"purchasable","24":"product-type-simple"},"_links":{"self":[{"href":"https:\/\/www.ustunpetshop.com\/index.php\/wp-json\/wp\/v2\/product\/2715","targetHints":{"allow":["GET"]}}],"collection":[{"href":"https:\/\/www.ustunpetshop.com\/index.php\/wp-json\/wp\/v2\/product"}],"about":[{"href":"https:\/\/www.ustunpetshop.com\/index.php\/wp-json\/wp\/v2\/types\/product"}],"replies":[{"embeddable":true,"href":"https:\/\/www.ustunpetshop.com\/index.php\/wp-json\/wp\/v2\/comments?post=2715"}],"version-history":[{"count":2,"href":"https:\/\/www.ustunpetshop.com\/index.php\/wp-json\/wp\/v2\/product\/2715\/revisions"}],"predecessor-version":[{"id":2718,"href":"https:\/\/www.ustunpetshop.com\/index.php\/wp-json\/wp\/v2\/product\/2715\/revisions\/2718"}],"wp:featuredmedia":[{"embeddable":true,"href":"https:\/\/www.ustunpetshop.com\/index.php\/wp-json\/wp\/v2\/media\/2716"}],"wp:attachment":[{"href":"https:\/\/www.ustunpetshop.com\/index.php\/wp-json\/wp\/v2\/media?parent=2715"}],"wp:term":[{"taxonomy":"product_brand","embeddable":true,"href":"https:\/\/www.ustunpetshop.com\/index.php\/wp-json\/wp\/v2\/product_brand?post=2715"},{"taxonomy":"product_cat","embeddable":true,"href":"https:\/\/www.ustunpetshop.com\/index.php\/wp-json\/wp\/v2\/product_cat?post=2715"},{"taxonomy":"product_tag","embeddable":true,"href":"https:\/\/www.ustunpetshop.com\/index.php\/wp-json\/wp\/v2\/product_tag?post=2715"}],"curies":[{"name":"wp","href":"https:\/\/api.w.org\/{rel}","templated":true}]}}