{"id":2831,"date":"2025-07-21T10:44:15","date_gmt":"2025-07-21T10:44:15","guid":{"rendered":"https:\/\/www.ustunpetshop.com\/?post_type=product&#038;p=2831"},"modified":"2025-07-21T10:44:26","modified_gmt":"2025-07-21T10:44:26","slug":"reflex-pocket-treats-sensitive-kedi-odulu-60-gr","status":"publish","type":"product","link":"https:\/\/www.ustunpetshop.com\/index.php\/urun\/reflex-pocket-treats-sensitive-kedi-odulu-60-gr\/","title":{"rendered":"Reflex Pocket Treats Sensitive Kedi \u00d6d\u00fcl\u00fc 60 Gr"},"content":{"rendered":"<p data-start=\"329\" data-end=\"494\"><strong data-start=\"329\" data-end=\"351\">\ud83d\udc3e \u00dcr\u00fcn A\u00e7\u0131klamas\u0131<\/strong><br data-start=\"351\" data-end=\"354\" \/>Reflex Pocket Treats Sensitive Kedi \u00d6d\u00fcl\u00fc, sindirim hassasiyeti ya\u015fayan kediler i\u00e7in \u00f6zenle geli\u015ftirilmi\u015f \u00f6zel i\u00e7erikli bir at\u0131\u015ft\u0131rmal\u0131kt\u0131r:<\/p>\n<ul data-start=\"496\" data-end=\"862\">\n<li data-start=\"496\" data-end=\"548\">\n<p data-start=\"498\" data-end=\"548\">Kolay sindirilebilen i\u00e7erikler ile mideyi yormaz<\/p>\n<\/li>\n<li data-start=\"549\" data-end=\"609\">\n<p data-start=\"551\" data-end=\"609\">Hassas b\u00fcnyeye sahip kediler i\u00e7in g\u00fcvenle kullan\u0131labilir<\/p>\n<\/li>\n<li data-start=\"610\" data-end=\"674\">\n<p data-start=\"612\" data-end=\"674\">D\u0131\u015f\u0131 \u00e7\u0131t\u0131r, i\u00e7i yumu\u015fak dolgulu yap\u0131 ile y\u00fcksek lezzet sunar<\/p>\n<\/li>\n<li data-start=\"675\" data-end=\"738\">\n<p data-start=\"677\" data-end=\"738\">\u0130lave \u015feker, yapay aroma, koruyucu ve renklendirici i\u00e7ermez<\/p>\n<\/li>\n<li data-start=\"739\" data-end=\"805\">\n<p data-start=\"741\" data-end=\"805\">60\u202fgr\u2019l\u0131k ambalaj\u0131yla tazeli\u011fini korur, pratik kullan\u0131m sa\u011flar<\/p>\n<\/li>\n<li data-start=\"806\" data-end=\"862\">\n<p data-start=\"808\" data-end=\"862\">G\u00fcnl\u00fck \u00f6d\u00fcllendirme veya ara \u00f6\u011f\u00fcn olarak verilebilir<\/p>\n<\/li>\n<\/ul>\n","protected":false},"excerpt":{"rendered":"<p><strong data-start=\"73\" data-end=\"148\">Reflex Pocket Treats Sensitive Kedi \u00d6d\u00fcl\u00fc 60\u202fgr \u2013 Barkod: 8698995031707<\/strong><br data-start=\"148\" data-end=\"151\" \/>Hassas sindirim sistemine sahip kediler i\u00e7in \u00f6zel form\u00fcle edilmi\u015f yumu\u015fak dolgulu kedi \u00f6d\u00fcl\u00fc. Katk\u0131s\u0131z ve y\u00fcksek sindirilebilirlik sunan bu mama, g\u00fcnl\u00fck kullan\u0131m i\u00e7in uygundur.<\/p>\n","protected":false},"featured_media":2832,"comment_status":"open","ping_status":"closed","template":"","meta":[],"product_brand":[322],"product_cat":[1088,78],"product_tag":[1242,1240,1243,1094,1241,1239,1201],"class_list":{"0":"post-2831","1":"product","2":"type-product","3":"status-publish","4":"has-post-thumbnail","6":"product_brand-reflex","7":"product_cat-kedi-odul-mamalari","8":"product_cat-vegetables-fruits","9":"product_tag-60gr-reflex-pocket-treats","10":"product_tag-hassas-kediler-icin-mama","11":"product_tag-hassas-sindirim-destekli-mama","12":"product_tag-katkisiz-kedi-atistirmaligi","13":"product_tag-kolay-sindirilen-kedi-odulu","14":"product_tag-reflex-sensitive-kedi-odulu","15":"product_tag-yumusak-dolgulu-mama","17":"first","18":"instock","19":"sale","20":"shipping-taxable","21":"purchasable","22":"product-type-simple"},"_links":{"self":[{"href":"https:\/\/www.ustunpetshop.com\/index.php\/wp-json\/wp\/v2\/product\/2831","targetHints":{"allow":["GET"]}}],"collection":[{"href":"https:\/\/www.ustunpetshop.com\/index.php\/wp-json\/wp\/v2\/product"}],"about":[{"href":"https:\/\/www.ustunpetshop.com\/index.php\/wp-json\/wp\/v2\/types\/product"}],"replies":[{"embeddable":true,"href":"https:\/\/www.ustunpetshop.com\/index.php\/wp-json\/wp\/v2\/comments?post=2831"}],"version-history":[{"count":2,"href":"https:\/\/www.ustunpetshop.com\/index.php\/wp-json\/wp\/v2\/product\/2831\/revisions"}],"predecessor-version":[{"id":2834,"href":"https:\/\/www.ustunpetshop.com\/index.php\/wp-json\/wp\/v2\/product\/2831\/revisions\/2834"}],"wp:featuredmedia":[{"embeddable":true,"href":"https:\/\/www.ustunpetshop.com\/index.php\/wp-json\/wp\/v2\/media\/2832"}],"wp:attachment":[{"href":"https:\/\/www.ustunpetshop.com\/index.php\/wp-json\/wp\/v2\/media?parent=2831"}],"wp:term":[{"taxonomy":"product_brand","embeddable":true,"href":"https:\/\/www.ustunpetshop.com\/index.php\/wp-json\/wp\/v2\/product_brand?post=2831"},{"taxonomy":"product_cat","embeddable":true,"href":"https:\/\/www.ustunpetshop.com\/index.php\/wp-json\/wp\/v2\/product_cat?post=2831"},{"taxonomy":"product_tag","embeddable":true,"href":"https:\/\/www.ustunpetshop.com\/index.php\/wp-json\/wp\/v2\/product_tag?post=2831"}],"curies":[{"name":"wp","href":"https:\/\/api.w.org\/{rel}","templated":true}]}}