{"id":2838,"date":"2025-07-21T10:47:53","date_gmt":"2025-07-21T10:47:53","guid":{"rendered":"https:\/\/www.ustunpetshop.com\/?post_type=product&#038;p=2838"},"modified":"2025-07-21T10:47:53","modified_gmt":"2025-07-21T10:47:53","slug":"reflex-pocket-choosy-secici-kedi-odul-mamasi-60gr","status":"publish","type":"product","link":"https:\/\/www.ustunpetshop.com\/index.php\/urun\/reflex-pocket-choosy-secici-kedi-odul-mamasi-60gr\/","title":{"rendered":"Reflex Pocket Choosy Se\u00e7ici Kedi \u00d6d\u00fcl Mamas\u0131 60gr"},"content":{"rendered":"<p data-start=\"348\" data-end=\"517\"><strong data-start=\"348\" data-end=\"370\">\ud83d\udc3e \u00dcr\u00fcn A\u00e7\u0131klamas\u0131<\/strong><br data-start=\"370\" data-end=\"373\" \/>Reflex Pocket Choosy Se\u00e7ici Kedi \u00d6d\u00fcl Mamas\u0131, mama se\u00e7en ya da i\u015ftahs\u0131z kediler i\u00e7in cazip aromalarla zenginle\u015ftirilmi\u015f \u00f6zel bir \u00f6d\u00fcl mamas\u0131d\u0131r:<\/p>\n<ul data-start=\"519\" data-end=\"888\">\n<li data-start=\"519\" data-end=\"597\">\n<p data-start=\"521\" data-end=\"597\">Y\u00fcksek lezzetlilik sunan \u00f6zel i\u00e7erikleriyle se\u00e7ici kedilerin i\u015ftah\u0131n\u0131 a\u00e7ar<\/p>\n<\/li>\n<li data-start=\"598\" data-end=\"669\">\n<p data-start=\"600\" data-end=\"669\">\u00c7\u0131t\u0131r d\u0131\u015f kaplama ve yumu\u015fak i\u00e7 dolgu ile e\u015fsiz \u00e7i\u011fneme keyfi sunar<\/p>\n<\/li>\n<li data-start=\"670\" data-end=\"740\">\n<p data-start=\"672\" data-end=\"740\">Koruyucu, yapay tatland\u0131r\u0131c\u0131, renklendirici ve ilave \u015feker i\u00e7ermez<\/p>\n<\/li>\n<li data-start=\"741\" data-end=\"808\">\n<p data-start=\"743\" data-end=\"808\">60\u202fgr\u2019l\u0131k ambalaj\u0131yla taze, pratik ve g\u00fcnl\u00fck kullan\u0131ma uygundur<\/p>\n<\/li>\n<li data-start=\"809\" data-end=\"888\">\n<p data-start=\"811\" data-end=\"888\">E\u011fitim s\u0131ras\u0131nda, ara \u00f6\u011f\u00fcn olarak veya sadece \u015f\u0131martmak i\u00e7in kullan\u0131labilir<\/p>\n<\/li>\n<\/ul>\n","protected":false},"excerpt":{"rendered":"<p><strong data-start=\"73\" data-end=\"151\">Reflex Pocket Choosy Se\u00e7ici Kedi \u00d6d\u00fcl Mamas\u0131 60\u202fgr \u2013 Barkod: 8698995031721<\/strong><br data-start=\"151\" data-end=\"154\" \/>Se\u00e7ici ve i\u015ftahs\u0131z kediler i\u00e7in \u00f6zel olarak form\u00fcle edilmi\u015f y\u00fcksek lezzetli kedi \u00f6d\u00fcl\u00fc. Yumu\u015fak dolgulu yap\u0131s\u0131 ve katk\u0131s\u0131z i\u00e7eri\u011fiyle kedinizin severek t\u00fcketece\u011fi sa\u011fl\u0131kl\u0131 bir at\u0131\u015ft\u0131rmal\u0131kt\u0131r.<\/p>\n","protected":false},"featured_media":2839,"comment_status":"open","ping_status":"closed","template":"","meta":[],"product_brand":[322],"product_cat":[1088,78],"product_tag":[1242,1250,1094,1249,1120,1252,1251],"class_list":{"0":"post-2838","1":"product","2":"type-product","3":"status-publish","4":"has-post-thumbnail","6":"product_brand-reflex","7":"product_cat-kedi-odul-mamalari","8":"product_cat-vegetables-fruits","9":"product_tag-60gr-reflex-pocket-treats","10":"product_tag-istahsiz-kedilere-ozel-odul","11":"product_tag-katkisiz-kedi-atistirmaligi","12":"product_tag-reflex-choosy-kedi-odulu","13":"product_tag-secici-kediler-icin-mama","14":"product_tag-yuksek-lezzetli-kedi-odulu","15":"product_tag-yumusak-dolgulu-kedi-mamasi","17":"first","18":"instock","19":"sale","20":"shipping-taxable","21":"purchasable","22":"product-type-simple"},"_links":{"self":[{"href":"https:\/\/www.ustunpetshop.com\/index.php\/wp-json\/wp\/v2\/product\/2838","targetHints":{"allow":["GET"]}}],"collection":[{"href":"https:\/\/www.ustunpetshop.com\/index.php\/wp-json\/wp\/v2\/product"}],"about":[{"href":"https:\/\/www.ustunpetshop.com\/index.php\/wp-json\/wp\/v2\/types\/product"}],"replies":[{"embeddable":true,"href":"https:\/\/www.ustunpetshop.com\/index.php\/wp-json\/wp\/v2\/comments?post=2838"}],"version-history":[{"count":1,"href":"https:\/\/www.ustunpetshop.com\/index.php\/wp-json\/wp\/v2\/product\/2838\/revisions"}],"predecessor-version":[{"id":2840,"href":"https:\/\/www.ustunpetshop.com\/index.php\/wp-json\/wp\/v2\/product\/2838\/revisions\/2840"}],"wp:featuredmedia":[{"embeddable":true,"href":"https:\/\/www.ustunpetshop.com\/index.php\/wp-json\/wp\/v2\/media\/2839"}],"wp:attachment":[{"href":"https:\/\/www.ustunpetshop.com\/index.php\/wp-json\/wp\/v2\/media?parent=2838"}],"wp:term":[{"taxonomy":"product_brand","embeddable":true,"href":"https:\/\/www.ustunpetshop.com\/index.php\/wp-json\/wp\/v2\/product_brand?post=2838"},{"taxonomy":"product_cat","embeddable":true,"href":"https:\/\/www.ustunpetshop.com\/index.php\/wp-json\/wp\/v2\/product_cat?post=2838"},{"taxonomy":"product_tag","embeddable":true,"href":"https:\/\/www.ustunpetshop.com\/index.php\/wp-json\/wp\/v2\/product_tag?post=2838"}],"curies":[{"name":"wp","href":"https:\/\/api.w.org\/{rel}","templated":true}]}}