{"id":2850,"date":"2025-07-21T10:57:26","date_gmt":"2025-07-21T10:57:26","guid":{"rendered":"https:\/\/www.ustunpetshop.com\/?post_type=product&#038;p=2850"},"modified":"2025-07-21T10:57:26","modified_gmt":"2025-07-21T10:57:26","slug":"reflex-happy-hour-uriner-sistem-destekleyici-kedi-odulu-60-gr","status":"publish","type":"product","link":"https:\/\/www.ustunpetshop.com\/index.php\/urun\/reflex-happy-hour-uriner-sistem-destekleyici-kedi-odulu-60-gr\/","title":{"rendered":"Reflex Happy Hour \u00dcriner Sistem Destekleyici Kedi \u00d6d\u00fcl\u00fc 60 Gr"},"content":{"rendered":"<p data-start=\"347\" data-end=\"534\"><strong data-start=\"347\" data-end=\"369\">\ud83d\udc3e \u00dcr\u00fcn A\u00e7\u0131klamas\u0131<\/strong><br data-start=\"369\" data-end=\"372\" \/>Reflex Happy Hour \u00dcriner Sistem Destekleyici Kedi \u00d6d\u00fcl\u00fc, idrar yollar\u0131 hassasiyeti ya\u015fayan kediler i\u00e7in \u00f6zel olarak geli\u015ftirilmi\u015f fonksiyonel bir at\u0131\u015ft\u0131rmal\u0131kt\u0131r:<\/p>\n<ul data-start=\"536\" data-end=\"955\">\n<li data-start=\"536\" data-end=\"612\">\n<p data-start=\"538\" data-end=\"612\">\u00dcriner sistem sa\u011fl\u0131\u011f\u0131n\u0131 destekleyen do\u011fal i\u00e7eriklerle form\u00fcle edilmi\u015ftir<\/p>\n<\/li>\n<li data-start=\"613\" data-end=\"709\">\n<p data-start=\"615\" data-end=\"709\">D\u00fc\u015f\u00fck magnezyum ve destekleyici bitkisel \u00f6zlerle idrar yolu sa\u011fl\u0131\u011f\u0131n\u0131 korumaya yard\u0131mc\u0131 olur<\/p>\n<\/li>\n<li data-start=\"710\" data-end=\"759\">\n<p data-start=\"712\" data-end=\"759\">Yumu\u015fak dokulu yap\u0131s\u0131yla kolay t\u00fcketim sa\u011flar<\/p>\n<\/li>\n<li data-start=\"760\" data-end=\"823\">\n<p data-start=\"762\" data-end=\"823\">\u0130lave \u015feker, yapay aroma, renklendirici ve koruyucu i\u00e7ermez<\/p>\n<\/li>\n<li data-start=\"824\" data-end=\"892\">\n<p data-start=\"826\" data-end=\"892\">60\u202fgr\u2019l\u0131k pratik ambalaj ile tazelik ve kullan\u0131m kolayl\u0131\u011f\u0131 sunar<\/p>\n<\/li>\n<li data-start=\"893\" data-end=\"955\">\n<p data-start=\"895\" data-end=\"955\">Veteriner tavsiyesiyle birlikte d\u00fczenli kullan\u0131ma uygundur<\/p>\n<\/li>\n<\/ul>\n","protected":false},"excerpt":{"rendered":"<p><strong data-start=\"73\" data-end=\"162\">Reflex Happy Hour \u00dcriner Sistem Destekleyici Kedi \u00d6d\u00fcl\u00fc 60\u202fgr \u2013 Barkod: 8698995032230<\/strong><br data-start=\"162\" data-end=\"165\" \/>\u00dcriner sistem sa\u011fl\u0131\u011f\u0131n\u0131 destekleyen \u00f6zel form\u00fcle sahip kedi \u00f6d\u00fcl\u00fc. Katk\u0131s\u0131z ve yumu\u015fak yap\u0131s\u0131yla g\u00fcnl\u00fck kullan\u0131m i\u00e7in uygundur, idrar yollar\u0131n\u0131n sa\u011fl\u0131kl\u0131 \u00e7al\u0131\u015fmas\u0131na yard\u0131mc\u0131 olur.<\/p>\n","protected":false},"featured_media":2851,"comment_status":"open","ping_status":"closed","template":"","meta":[],"product_brand":[322],"product_cat":[1088,78],"product_tag":[775,1231,1270,1267,1268,1269],"class_list":{"0":"post-2850","1":"product","2":"type-product","3":"status-publish","4":"has-post-thumbnail","6":"product_brand-reflex","7":"product_cat-kedi-odul-mamalari","8":"product_cat-vegetables-fruits","9":"product_tag-idrar-yolu-sagligi-mama","10":"product_tag-katkisiz-kedi-odul-mamasi","11":"product_tag-reflex-happy-hour-60gr-mama","12":"product_tag-reflex-uriner-destek-kedi-odulu","13":"product_tag-uriner-sistem-koruyucu-odul","14":"product_tag-yumusak-kedi-atistirmaligi","16":"first","17":"instock","18":"sale","19":"shipping-taxable","20":"purchasable","21":"product-type-simple"},"_links":{"self":[{"href":"https:\/\/www.ustunpetshop.com\/index.php\/wp-json\/wp\/v2\/product\/2850","targetHints":{"allow":["GET"]}}],"collection":[{"href":"https:\/\/www.ustunpetshop.com\/index.php\/wp-json\/wp\/v2\/product"}],"about":[{"href":"https:\/\/www.ustunpetshop.com\/index.php\/wp-json\/wp\/v2\/types\/product"}],"replies":[{"embeddable":true,"href":"https:\/\/www.ustunpetshop.com\/index.php\/wp-json\/wp\/v2\/comments?post=2850"}],"version-history":[{"count":1,"href":"https:\/\/www.ustunpetshop.com\/index.php\/wp-json\/wp\/v2\/product\/2850\/revisions"}],"predecessor-version":[{"id":2852,"href":"https:\/\/www.ustunpetshop.com\/index.php\/wp-json\/wp\/v2\/product\/2850\/revisions\/2852"}],"wp:featuredmedia":[{"embeddable":true,"href":"https:\/\/www.ustunpetshop.com\/index.php\/wp-json\/wp\/v2\/media\/2851"}],"wp:attachment":[{"href":"https:\/\/www.ustunpetshop.com\/index.php\/wp-json\/wp\/v2\/media?parent=2850"}],"wp:term":[{"taxonomy":"product_brand","embeddable":true,"href":"https:\/\/www.ustunpetshop.com\/index.php\/wp-json\/wp\/v2\/product_brand?post=2850"},{"taxonomy":"product_cat","embeddable":true,"href":"https:\/\/www.ustunpetshop.com\/index.php\/wp-json\/wp\/v2\/product_cat?post=2850"},{"taxonomy":"product_tag","embeddable":true,"href":"https:\/\/www.ustunpetshop.com\/index.php\/wp-json\/wp\/v2\/product_tag?post=2850"}],"curies":[{"name":"wp","href":"https:\/\/api.w.org\/{rel}","templated":true}]}}